{"id":210,"date":"2021-12-14T22:58:31","date_gmt":"2021-12-14T22:58:31","guid":{"rendered":"https:\/\/dominikmatuschek.de\/?page_id=210"},"modified":"2021-12-15T10:56:16","modified_gmt":"2021-12-15T10:56:16","slug":"privatsphaere-einstellungen","status":"publish","type":"page","link":"https:\/\/dominikmatuschek.de\/en\/privatsphaere-einstellungen\/","title":{"rendered":"Privacy settings"},"content":{"rendered":"<p>Here you can change your privacy settings, view the history of your privacy settings or revoke your consents: <\/p>\n\n\n\n<p><\/p>\n\n\n<a  href=\"#consent-change\" role=\"button\" id=\"rcb-sc-link-change\" data-success-message=\"\" class=\"rcb-sc-link rcb-sc-link-change\">Change privacy settings<\/a>\n\n\n\n<p><\/p>\n\n\n<a  href=\"#consent-history\" role=\"button\" id=\"rcb-sc-link-history\" data-success-message=\"\" class=\"rcb-sc-link rcb-sc-link-history\">Privacy settings history<\/a>\n\n\n\n<p><\/p>\n\n\n<a  href=\"#consent-revoke\" role=\"button\" id=\"rcb-sc-link-revoke\" data-success-message=\"Du hast die Einwilligung erfolgreich widerrufen. Die Seite wird nun neu geladen.\" class=\"rcb-sc-link rcb-sc-link-revoke\">Revoke consents<\/a>\n\n\n\n<p><\/p>\n\n\n\n<p>Note: If you use the Website without consenting to third party services and content, you may experience limited usability and limited visibility of content. If you want to change this and use the website without any restrictions, you can always consent to the use of third party services and content using the link above.<\/p>","protected":false},"excerpt":{"rendered":"<p>Hier kannst du deine Privatsph\u00e4re-Einstellungen \u00e4ndern, die Historie deiner Privatsph\u00e4re-Einstellungen einsehen oder deine Einwilligungen widerrufen: Hinweis: Wenn du die Webseite ohne die Einwilligung der Dienste und Inhalte Dritter nutzt, kann es zu einer eingeschr\u00e4nkten Benutzerfreundlichkeit und zur eingeschr\u00e4nkten Sichtbarkeit von Inhalten kommen. Wenn du das &hellip; <a href=\"https:\/\/dominikmatuschek.de\/en\/privatsphaere-einstellungen\/\" class=\"more-link\"><span>Continue reading<span class=\"screen-reader-text\">Privacy settings<\/span><\/span><\/a><\/p>","protected":false},"author":1,"featured_media":0,"parent":0,"menu_order":0,"comment_status":"closed","ping_status":"closed","template":"","meta":{"footnotes":""},"class_list":["post-210","page","type-page","status-publish","hentry"],"yoast_head":"<!-- This site is optimized with the Yoast SEO plugin v27.3 - https:\/\/yoast.com\/product\/yoast-seo-wordpress\/ -->\n<title>Privatsph\u00e4re-Einstellungen - Dominik Matuschek<\/title>\n<meta name=\"robots\" content=\"index, follow, max-snippet:-1, max-image-preview:large, max-video-preview:-1\" \/>\n<link rel=\"canonical\" href=\"https:\/\/dominikmatuschek.de\/en\/privatsphaere-einstellungen\/\" \/>\n<meta property=\"og:locale\" content=\"en_US\" \/>\n<meta property=\"og:type\" content=\"article\" \/>\n<meta property=\"og:title\" content=\"Privatsph\u00e4re-Einstellungen - Dominik Matuschek\" \/>\n<meta property=\"og:description\" content=\"Hier kannst du deine Privatsph\u00e4re-Einstellungen \u00e4ndern, die Historie deiner Privatsph\u00e4re-Einstellungen einsehen oder deine Einwilligungen widerrufen: Hinweis: Wenn du die Webseite ohne die Einwilligung der Dienste und Inhalte Dritter nutzt, kann es zu einer eingeschr\u00e4nkten Benutzerfreundlichkeit und zur eingeschr\u00e4nkten Sichtbarkeit von Inhalten kommen. Wenn du das &hellip; Continue readingPrivatsph\u00e4re-Einstellungen\" \/>\n<meta property=\"og:url\" content=\"https:\/\/dominikmatuschek.de\/en\/privatsphaere-einstellungen\/\" \/>\n<meta property=\"og:site_name\" content=\"Dominik Matuschek\" \/>\n<meta property=\"article:modified_time\" content=\"2021-12-15T10:56:16+00:00\" \/>\n<meta name=\"twitter:card\" content=\"summary_large_image\" \/>\n<meta name=\"twitter:label1\" content=\"Est. reading time\" \/>\n\t<meta name=\"twitter:data1\" content=\"1 minute\" \/>\n<script type=\"application\/ld+json\" class=\"yoast-schema-graph\">{\"@context\":\"https:\\\/\\\/schema.org\",\"@graph\":[{\"@type\":\"WebPage\",\"@id\":\"https:\\\/\\\/dominikmatuschek.de\\\/privatsphaere-einstellungen\\\/\",\"url\":\"https:\\\/\\\/dominikmatuschek.de\\\/privatsphaere-einstellungen\\\/\",\"name\":\"Privatsph\u00e4re-Einstellungen - Dominik Matuschek\",\"isPartOf\":{\"@id\":\"https:\\\/\\\/dominikmatuschek.de\\\/#website\"},\"datePublished\":\"2021-12-14T22:58:31+00:00\",\"dateModified\":\"2021-12-15T10:56:16+00:00\",\"breadcrumb\":{\"@id\":\"https:\\\/\\\/dominikmatuschek.de\\\/privatsphaere-einstellungen\\\/#breadcrumb\"},\"inLanguage\":\"en-US\",\"potentialAction\":[{\"@type\":\"ReadAction\",\"target\":[\"https:\\\/\\\/dominikmatuschek.de\\\/privatsphaere-einstellungen\\\/\"]}]},{\"@type\":\"BreadcrumbList\",\"@id\":\"https:\\\/\\\/dominikmatuschek.de\\\/privatsphaere-einstellungen\\\/#breadcrumb\",\"itemListElement\":[{\"@type\":\"ListItem\",\"position\":1,\"name\":\"Startseite\",\"item\":\"https:\\\/\\\/dominikmatuschek.de\\\/\"},{\"@type\":\"ListItem\",\"position\":2,\"name\":\"Privatsph\u00e4re-Einstellungen\"}]},{\"@type\":\"WebSite\",\"@id\":\"https:\\\/\\\/dominikmatuschek.de\\\/#website\",\"url\":\"https:\\\/\\\/dominikmatuschek.de\\\/\",\"name\":\"Dominik Matuschek\",\"description\":\"Schauspieler &amp; Sprecher\",\"potentialAction\":[{\"@type\":\"SearchAction\",\"target\":{\"@type\":\"EntryPoint\",\"urlTemplate\":\"https:\\\/\\\/dominikmatuschek.de\\\/?s={search_term_string}\"},\"query-input\":{\"@type\":\"PropertyValueSpecification\",\"valueRequired\":true,\"valueName\":\"search_term_string\"}}],\"inLanguage\":\"en-US\"}]}<\/script>\n<!-- \/ Yoast SEO plugin. -->","yoast_head_json":{"title":"Privatsph\u00e4re-Einstellungen - Dominik Matuschek","robots":{"index":"index","follow":"follow","max-snippet":"max-snippet:-1","max-image-preview":"max-image-preview:large","max-video-preview":"max-video-preview:-1"},"canonical":"https:\/\/dominikmatuschek.de\/en\/privatsphaere-einstellungen\/","og_locale":"en_US","og_type":"article","og_title":"Privatsph\u00e4re-Einstellungen - Dominik Matuschek","og_description":"Hier kannst du deine Privatsph\u00e4re-Einstellungen \u00e4ndern, die Historie deiner Privatsph\u00e4re-Einstellungen einsehen oder deine Einwilligungen widerrufen: Hinweis: Wenn du die Webseite ohne die Einwilligung der Dienste und Inhalte Dritter nutzt, kann es zu einer eingeschr\u00e4nkten Benutzerfreundlichkeit und zur eingeschr\u00e4nkten Sichtbarkeit von Inhalten kommen. Wenn du das &hellip; Continue readingPrivatsph\u00e4re-Einstellungen","og_url":"https:\/\/dominikmatuschek.de\/en\/privatsphaere-einstellungen\/","og_site_name":"Dominik Matuschek","article_modified_time":"2021-12-15T10:56:16+00:00","twitter_card":"summary_large_image","twitter_misc":{"Est. reading time":"1 minute"},"schema":{"@context":"https:\/\/schema.org","@graph":[{"@type":"WebPage","@id":"https:\/\/dominikmatuschek.de\/privatsphaere-einstellungen\/","url":"https:\/\/dominikmatuschek.de\/privatsphaere-einstellungen\/","name":"Privatsph\u00e4re-Einstellungen - Dominik Matuschek","isPartOf":{"@id":"https:\/\/dominikmatuschek.de\/#website"},"datePublished":"2021-12-14T22:58:31+00:00","dateModified":"2021-12-15T10:56:16+00:00","breadcrumb":{"@id":"https:\/\/dominikmatuschek.de\/privatsphaere-einstellungen\/#breadcrumb"},"inLanguage":"en-US","potentialAction":[{"@type":"ReadAction","target":["https:\/\/dominikmatuschek.de\/privatsphaere-einstellungen\/"]}]},{"@type":"BreadcrumbList","@id":"https:\/\/dominikmatuschek.de\/privatsphaere-einstellungen\/#breadcrumb","itemListElement":[{"@type":"ListItem","position":1,"name":"Startseite","item":"https:\/\/dominikmatuschek.de\/"},{"@type":"ListItem","position":2,"name":"Privatsph\u00e4re-Einstellungen"}]},{"@type":"WebSite","@id":"https:\/\/dominikmatuschek.de\/#website","url":"https:\/\/dominikmatuschek.de\/","name":"Dominik Matuschek","description":"Actor &amp; Voice Artist","potentialAction":[{"@type":"SearchAction","target":{"@type":"EntryPoint","urlTemplate":"https:\/\/dominikmatuschek.de\/?s={search_term_string}"},"query-input":{"@type":"PropertyValueSpecification","valueRequired":true,"valueName":"search_term_string"}}],"inLanguage":"en-US"}]}},"_links":{"self":[{"href":"https:\/\/dominikmatuschek.de\/en\/wp-json\/wp\/v2\/pages\/210","targetHints":{"allow":["GET"]}}],"collection":[{"href":"https:\/\/dominikmatuschek.de\/en\/wp-json\/wp\/v2\/pages"}],"about":[{"href":"https:\/\/dominikmatuschek.de\/en\/wp-json\/wp\/v2\/types\/page"}],"author":[{"embeddable":true,"href":"https:\/\/dominikmatuschek.de\/en\/wp-json\/wp\/v2\/users\/1"}],"replies":[{"embeddable":true,"href":"https:\/\/dominikmatuschek.de\/en\/wp-json\/wp\/v2\/comments?post=210"}],"version-history":[{"count":3,"href":"https:\/\/dominikmatuschek.de\/en\/wp-json\/wp\/v2\/pages\/210\/revisions"}],"predecessor-version":[{"id":218,"href":"https:\/\/dominikmatuschek.de\/en\/wp-json\/wp\/v2\/pages\/210\/revisions\/218"}],"wp:attachment":[{"href":"https:\/\/dominikmatuschek.de\/en\/wp-json\/wp\/v2\/media?parent=210"}],"curies":[{"name":"wp","href":"https:\/\/api.w.org\/{rel}","templated":true}]}}