{"id":42,"date":"2021-12-09T19:19:17","date_gmt":"2021-12-09T19:19:17","guid":{"rendered":"http:\/\/dominikmatuschek.de\/?page_id=42"},"modified":"2022-04-08T16:52:10","modified_gmt":"2022-04-08T16:52:10","slug":"demo","status":"publish","type":"page","link":"https:\/\/dominikmatuschek.de\/en\/demo\/","title":{"rendered":"Demo"},"content":{"rendered":"<h2 class=\"has-text-align-center wp-block-heading\" id=\"sprechen\">Audio<\/h2>\n\n\n\n<h3 class=\"wp-block-heading\">Radio play: Berlin I hate you! Newspaper Seller<\/h3>\n\n\n\n<figure class=\"wp-block-audio aligncenter\"><audio controls src=\"https:\/\/dominikmatuschek.de\/wp-content\/uploads\/2022\/01\/Berlin_Thore-_-Zeitung.wav\"><\/audio><\/figure>\n\n\n\n<div style=\"height:30px\" aria-hidden=\"true\" class=\"wp-block-spacer\"><\/div>\n\n\n\n<h3 class=\"wp-block-heading\">Radio play: Berlin I hate you! Heroin<\/h3>\n\n\n\n<figure class=\"wp-block-audio aligncenter\"><audio controls src=\"https:\/\/dominikmatuschek.de\/wp-content\/uploads\/2022\/01\/Berlin_Thore_Heroin.wav\"><\/audio><\/figure>\n\n\n\n<div style=\"height:30px\" aria-hidden=\"true\" class=\"wp-block-spacer\"><\/div>\n\n\n\n<h3 class=\"wp-block-heading\">RBB Feature Digital Working World<\/h3>\n\n\n\n<figure class=\"wp-block-audio\"><audio controls src=\"https:\/\/dominikmatuschek.de\/wp-content\/uploads\/2022\/01\/RBB-Feature-Digitale-Arbeitswelt.wav\"><\/audio><\/figure>\n\n\n\n<div style=\"height:30px\" aria-hidden=\"true\" class=\"wp-block-spacer\"><\/div>\n\n\n\n<h3 class=\"wp-block-heading\">Heristo Spot: Vegetable Sausage<\/h3>\n\n\n\n<figure class=\"wp-block-audio\"><audio controls src=\"https:\/\/dominikmatuschek.de\/wp-content\/uploads\/2022\/01\/Heristo-Spot-Bauer-Valentin.wav\"><\/audio><\/figure>\n\n\n\n<div style=\"height:30px\" aria-hidden=\"true\" class=\"wp-block-spacer\"><\/div>\n\n\n\n<h3 class=\"wp-block-heading\">Radio play Schwimm: Gravedigger<\/h3>\n\n\n\n<figure class=\"wp-block-audio\"><audio controls src=\"https:\/\/dominikmatuschek.de\/wp-content\/uploads\/2022\/01\/Schwimm_Totengraeber.wav\"><\/audio><\/figure>\n\n\n\n<div style=\"height:50px\" aria-hidden=\"true\" class=\"wp-block-spacer\"><\/div>\n\n\n\n<h2 class=\"has-text-align-center wp-block-heading\" id=\"film\">Video<\/h2>\n\n\n\n<h3 class=\"wp-block-heading\">GZSZ- Good Times Bad Times<\/h3>\n\n\n\n<figure class=\"wp-block-video\"><video height=\"404\" style=\"aspect-ratio: 720 \/ 404;\" width=\"720\" controls poster=\"https:\/\/dominikmatuschek.de\/wp-content\/uploads\/2021\/12\/Unbenannt-e1642259823622.png\" src=\"https:\/\/dominikmatuschek.de\/wp-content\/uploads\/2021\/12\/Dominik-Matuschek-02-GZSZ-Gute-Zeiten-Schlechte-Zeiten.mp4\"><\/video><\/figure>\n\n\n\n<h3 class=\"wp-block-heading\">Adolf H. - Antihero<\/h3>\n\n\n\n<figure class=\"wp-block-video\"><video height=\"720\" style=\"aspect-ratio: 1280 \/ 720;\" width=\"1280\" controls poster=\"https:\/\/dominikmatuschek.de\/wp-content\/uploads\/2022\/01\/Adolf-H.-Antiheld-Screenshot-e1642262027550.jpg\" src=\"https:\/\/dominikmatuschek.de\/wp-content\/uploads\/2022\/01\/Dominik-Matuschek-01-Adolf-H-Antiheld.mp4\"><\/video><\/figure>\n\n\n\n<h3 class=\"wp-block-heading\">With whom, if not now<\/h3>\n\n\n\n<figure class=\"wp-block-video\"><video height=\"672\" style=\"aspect-ratio: 1280 \/ 672;\" width=\"1280\" controls poster=\"https:\/\/dominikmatuschek.de\/wp-content\/uploads\/2022\/01\/Mit-wem-wenn-nicht-jetzt-screenshot-e1642264281856.jpg\" src=\"https:\/\/dominikmatuschek.de\/wp-content\/uploads\/2022\/01\/Dominik-Matuschek-03-Eine-Frau-die-um-was-bittet.mp4\"><\/video><\/figure>\n\n\n\n<h3 class=\"wp-block-heading\">Friends of Wisdom <\/h3>\n\n\n\n<figure class=\"wp-block-video\"><video height=\"672\" style=\"aspect-ratio: 1280 \/ 672;\" width=\"1280\" controls poster=\"https:\/\/dominikmatuschek.de\/wp-content\/uploads\/2022\/01\/Freunde-der-Weisheit-Screenshot-e1642260704458.jpg\" src=\"https:\/\/dominikmatuschek.de\/wp-content\/uploads\/2021\/12\/Dominik-Matuschek-04-Freunde-der-Weisheit.mp4\"><\/video><\/figure>","protected":false},"excerpt":{"rendered":"<p>Audio H\u00f6rspiel: Berlin ich hasse dich! Zeitungsverk\u00e4ufer H\u00f6rspiel: Berlin ich hasse dich! Heroin RBB Feature Digitale Arbeitswelt Heristo Spot: Gem\u00fcsewurst H\u00f6rspiel Schwimm: Totengr\u00e4ber Video GZSZ- Gute Zeiten Schlechte Zeiten Adolf H. &#8211; Antiheld Mit wem, wenn nicht jetzt Freunde der Weisheit<\/p>","protected":false},"author":1,"featured_media":0,"parent":0,"menu_order":0,"comment_status":"closed","ping_status":"closed","template":"","meta":{"footnotes":""},"class_list":["post-42","page","type-page","status-publish","hentry"],"yoast_head":"<!-- This site is optimized with the Yoast SEO plugin v27.3 - https:\/\/yoast.com\/product\/yoast-seo-wordpress\/ -->\n<title>Demo - Dominik Matuschek<\/title>\n<meta name=\"description\" content=\"Dominik Matuschek: Son of a Preacherman, Schauspieler, International Man of Mystery. In Oberbayern geboren, in Berlin zum Schauspiel gefunden.\" \/>\n<meta name=\"robots\" content=\"index, follow, max-snippet:-1, max-image-preview:large, max-video-preview:-1\" \/>\n<link rel=\"canonical\" href=\"https:\/\/dominikmatuschek.de\/en\/demo\/\" \/>\n<meta property=\"og:locale\" content=\"en_US\" \/>\n<meta property=\"og:type\" content=\"article\" \/>\n<meta property=\"og:title\" content=\"Demo - Dominik Matuschek\" \/>\n<meta property=\"og:description\" content=\"Dominik Matuschek: Son of a Preacherman, Schauspieler, International Man of Mystery. In Oberbayern geboren, in Berlin zum Schauspiel gefunden.\" \/>\n<meta property=\"og:url\" content=\"https:\/\/dominikmatuschek.de\/en\/demo\/\" \/>\n<meta property=\"og:site_name\" content=\"Dominik Matuschek\" \/>\n<meta property=\"article:modified_time\" content=\"2022-04-08T16:52:10+00:00\" \/>\n<meta name=\"twitter:card\" content=\"summary_large_image\" \/>\n<meta name=\"twitter:label1\" content=\"Est. reading time\" \/>\n\t<meta name=\"twitter:data1\" content=\"1 minute\" \/>\n<script type=\"application\/ld+json\" class=\"yoast-schema-graph\">{\"@context\":\"https:\\\/\\\/schema.org\",\"@graph\":[{\"@type\":\"WebPage\",\"@id\":\"https:\\\/\\\/dominikmatuschek.de\\\/demo\\\/\",\"url\":\"https:\\\/\\\/dominikmatuschek.de\\\/demo\\\/\",\"name\":\"Demo - Dominik Matuschek\",\"isPartOf\":{\"@id\":\"https:\\\/\\\/dominikmatuschek.de\\\/#website\"},\"datePublished\":\"2021-12-09T19:19:17+00:00\",\"dateModified\":\"2022-04-08T16:52:10+00:00\",\"description\":\"Dominik Matuschek: Son of a Preacherman, Schauspieler, International Man of Mystery. In Oberbayern geboren, in Berlin zum Schauspiel gefunden.\",\"breadcrumb\":{\"@id\":\"https:\\\/\\\/dominikmatuschek.de\\\/demo\\\/#breadcrumb\"},\"inLanguage\":\"en-US\",\"potentialAction\":[{\"@type\":\"ReadAction\",\"target\":[\"https:\\\/\\\/dominikmatuschek.de\\\/demo\\\/\"]}]},{\"@type\":\"BreadcrumbList\",\"@id\":\"https:\\\/\\\/dominikmatuschek.de\\\/demo\\\/#breadcrumb\",\"itemListElement\":[{\"@type\":\"ListItem\",\"position\":1,\"name\":\"Startseite\",\"item\":\"https:\\\/\\\/dominikmatuschek.de\\\/\"},{\"@type\":\"ListItem\",\"position\":2,\"name\":\"Demo\"}]},{\"@type\":\"WebSite\",\"@id\":\"https:\\\/\\\/dominikmatuschek.de\\\/#website\",\"url\":\"https:\\\/\\\/dominikmatuschek.de\\\/\",\"name\":\"Dominik Matuschek\",\"description\":\"Schauspieler &amp; Sprecher\",\"potentialAction\":[{\"@type\":\"SearchAction\",\"target\":{\"@type\":\"EntryPoint\",\"urlTemplate\":\"https:\\\/\\\/dominikmatuschek.de\\\/?s={search_term_string}\"},\"query-input\":{\"@type\":\"PropertyValueSpecification\",\"valueRequired\":true,\"valueName\":\"search_term_string\"}}],\"inLanguage\":\"en-US\"}]}<\/script>\n<!-- \/ Yoast SEO plugin. -->","yoast_head_json":{"title":"Demo - Dominik Matuschek","description":"Dominik Matuschek: Son of a Preacherman, Schauspieler, International Man of Mystery. In Oberbayern geboren, in Berlin zum Schauspiel gefunden.","robots":{"index":"index","follow":"follow","max-snippet":"max-snippet:-1","max-image-preview":"max-image-preview:large","max-video-preview":"max-video-preview:-1"},"canonical":"https:\/\/dominikmatuschek.de\/en\/demo\/","og_locale":"en_US","og_type":"article","og_title":"Demo - Dominik Matuschek","og_description":"Dominik Matuschek: Son of a Preacherman, Schauspieler, International Man of Mystery. In Oberbayern geboren, in Berlin zum Schauspiel gefunden.","og_url":"https:\/\/dominikmatuschek.de\/en\/demo\/","og_site_name":"Dominik Matuschek","article_modified_time":"2022-04-08T16:52:10+00:00","twitter_card":"summary_large_image","twitter_misc":{"Est. reading time":"1 minute"},"schema":{"@context":"https:\/\/schema.org","@graph":[{"@type":"WebPage","@id":"https:\/\/dominikmatuschek.de\/demo\/","url":"https:\/\/dominikmatuschek.de\/demo\/","name":"Demo - Dominik Matuschek","isPartOf":{"@id":"https:\/\/dominikmatuschek.de\/#website"},"datePublished":"2021-12-09T19:19:17+00:00","dateModified":"2022-04-08T16:52:10+00:00","description":"Dominik Matuschek: Son of a Preacherman, Schauspieler, International Man of Mystery. In Oberbayern geboren, in Berlin zum Schauspiel gefunden.","breadcrumb":{"@id":"https:\/\/dominikmatuschek.de\/demo\/#breadcrumb"},"inLanguage":"en-US","potentialAction":[{"@type":"ReadAction","target":["https:\/\/dominikmatuschek.de\/demo\/"]}]},{"@type":"BreadcrumbList","@id":"https:\/\/dominikmatuschek.de\/demo\/#breadcrumb","itemListElement":[{"@type":"ListItem","position":1,"name":"Startseite","item":"https:\/\/dominikmatuschek.de\/"},{"@type":"ListItem","position":2,"name":"Demo"}]},{"@type":"WebSite","@id":"https:\/\/dominikmatuschek.de\/#website","url":"https:\/\/dominikmatuschek.de\/","name":"Dominik Matuschek","description":"Actor &amp; Voice Artist","potentialAction":[{"@type":"SearchAction","target":{"@type":"EntryPoint","urlTemplate":"https:\/\/dominikmatuschek.de\/?s={search_term_string}"},"query-input":{"@type":"PropertyValueSpecification","valueRequired":true,"valueName":"search_term_string"}}],"inLanguage":"en-US"}]}},"_links":{"self":[{"href":"https:\/\/dominikmatuschek.de\/en\/wp-json\/wp\/v2\/pages\/42","targetHints":{"allow":["GET"]}}],"collection":[{"href":"https:\/\/dominikmatuschek.de\/en\/wp-json\/wp\/v2\/pages"}],"about":[{"href":"https:\/\/dominikmatuschek.de\/en\/wp-json\/wp\/v2\/types\/page"}],"author":[{"embeddable":true,"href":"https:\/\/dominikmatuschek.de\/en\/wp-json\/wp\/v2\/users\/1"}],"replies":[{"embeddable":true,"href":"https:\/\/dominikmatuschek.de\/en\/wp-json\/wp\/v2\/comments?post=42"}],"version-history":[{"count":23,"href":"https:\/\/dominikmatuschek.de\/en\/wp-json\/wp\/v2\/pages\/42\/revisions"}],"predecessor-version":[{"id":975,"href":"https:\/\/dominikmatuschek.de\/en\/wp-json\/wp\/v2\/pages\/42\/revisions\/975"}],"wp:attachment":[{"href":"https:\/\/dominikmatuschek.de\/en\/wp-json\/wp\/v2\/media?parent=42"}],"curies":[{"name":"wp","href":"https:\/\/api.w.org\/{rel}","templated":true}]}}