{"id":436,"date":"2022-01-08T18:56:53","date_gmt":"2022-01-08T18:56:53","guid":{"rendered":"https:\/\/dominikmatuschek.de\/?page_id=436"},"modified":"2022-04-08T16:52:24","modified_gmt":"2022-04-08T16:52:24","slug":"aktuelles","status":"publish","type":"page","link":"https:\/\/dominikmatuschek.de\/en\/aktuelles\/","title":{"rendered":"Current"},"content":{"rendered":"<figure class=\"wp-block-image alignfull size-large banner-aktuelles\"><img loading=\"lazy\" decoding=\"async\" width=\"1024\" height=\"131\" src=\"https:\/\/dominikmatuschek.de\/wp-content\/uploads\/2022\/01\/Logo-Berlin-Stand-Up-School-1024x131.jpg\" alt=\"\" class=\"wp-image-623\" srcset=\"https:\/\/dominikmatuschek.de\/wp-content\/uploads\/2022\/01\/Logo-Berlin-Stand-Up-School-1024x131.jpg 1024w, https:\/\/dominikmatuschek.de\/wp-content\/uploads\/2022\/01\/Logo-Berlin-Stand-Up-School-300x38.jpg 300w, https:\/\/dominikmatuschek.de\/wp-content\/uploads\/2022\/01\/Logo-Berlin-Stand-Up-School-768x98.jpg 768w, https:\/\/dominikmatuschek.de\/wp-content\/uploads\/2022\/01\/Logo-Berlin-Stand-Up-School.jpg 1471w\" sizes=\"auto, (max-width: 1024px) 100vw, 1024px\" \/><\/figure>\n\n\n\n<div style=\"height:25px\" aria-hidden=\"true\" class=\"wp-block-spacer\"><\/div>\n\n\n\n<h2 class=\"has-text-align-center wp-block-heading\"><strong>My Stand Up Comedy Debut<\/strong><\/h2>\n\n\n\n<p class=\"has-text-align-center\" style=\"font-size:20px\">Samstag&nbsp; 12. M\u00e4rz&nbsp; 18:00 Uhr<\/p>\n\n\n\n<p class=\"has-text-align-center\" style=\"font-size:24px\"><strong>Location<\/strong><\/p>\n\n\n\n<p class=\"has-text-align-center\" style=\"font-size:20px\">The Wall, Gr\u00fcnberger Stra\u00dfe 84 10245 Berlin<\/p>\n\n\n<style>#kt-layout-id_d653dc-c2 > .kt-row-column-wrap{align-content:center;}:where(#kt-layout-id_d653dc-c2 > .kt-row-column-wrap) > .wp-block-kadence-column{justify-content:center;}#kt-layout-id_d653dc-c2 > .kt-row-column-wrap{column-gap:var(--global-kb-gap-lg, 4rem);row-gap:var(--global-kb-gap-md, 2rem);max-width:756px;padding-top:var( --global-kb-row-default-top, 25px );padding-bottom:var( --global-kb-row-default-bottom, 25px );padding-top:0px;padding-bottom:50px;padding-left:25px;padding-right:25px;grid-template-columns:minmax(0, 1fr);}#kt-layout-id_d653dc-c2 > .kt-row-layout-overlay{opacity:0.30;}@media all and (max-width: 1024px){#kt-layout-id_d653dc-c2 > .kt-row-column-wrap{grid-template-columns:minmax(0, 1fr);}}@media all and (max-width: 767px){#kt-layout-id_d653dc-c2 > .kt-row-column-wrap{grid-template-columns:minmax(0, 1fr);}}<\/style>\n<div class=\"wp-block-kadence-rowlayout alignnone\"><div id=\"kt-layout-id_d653dc-c2\" class=\"kt-row-layout-inner kt-layout-id_d653dc-c2\"><div class=\"kt-row-column-wrap kt-has-2-columns kt-gutter-wider kt-v-gutter-default kt-row-valign-middle kt-row-layout-row kt-tab-layout-inherit kt-m-colapse-left-to-right kt-mobile-layout-row kb-theme-content-width\"><style>.kadence-column_97aaa1-3d > .kt-inside-inner-col{border-top-width:0px;border-right-width:0px;border-bottom-width:0px;border-left-width:0px;}.kadence-column_97aaa1-3d > .kt-inside-inner-col,.kadence-column_97aaa1-3d > .kt-inside-inner-col:before{border-top-left-radius:0px;border-top-right-radius:0px;border-bottom-right-radius:0px;border-bottom-left-radius:0px;}.kadence-column_97aaa1-3d > .kt-inside-inner-col{column-gap:var(--global-kb-gap-sm, 1rem);}.kadence-column_97aaa1-3d > .kt-inside-inner-col{flex-direction:column;}.kadence-column_97aaa1-3d > .kt-inside-inner-col > .aligncenter{width:100%;}.kadence-column_97aaa1-3d > .kt-inside-inner-col:before{opacity:0.3;}.kadence-column_97aaa1-3d{position:relative;}@media all and (max-width: 1024px){.kadence-column_97aaa1-3d > .kt-inside-inner-col{flex-direction:column;justify-content:center;}}@media all and (max-width: 767px){.kadence-column_97aaa1-3d > .kt-inside-inner-col{flex-direction:column;justify-content:center;}}<\/style>\n<div class=\"wp-block-kadence-column inner-column-1 kadence-column_97aaa1-3d\"><div class=\"kt-inside-inner-col\"><\/div><\/div>\n\n\n<style>.kadence-column_bea3eb-ae > .kt-inside-inner-col{border-top-width:0px;border-right-width:0px;border-bottom-width:0px;border-left-width:0px;}.kadence-column_bea3eb-ae > .kt-inside-inner-col,.kadence-column_bea3eb-ae > .kt-inside-inner-col:before{border-top-left-radius:0px;border-top-right-radius:0px;border-bottom-right-radius:0px;border-bottom-left-radius:0px;}.kadence-column_bea3eb-ae > .kt-inside-inner-col{column-gap:var(--global-kb-gap-sm, 1rem);}.kadence-column_bea3eb-ae > .kt-inside-inner-col{flex-direction:column;}.kadence-column_bea3eb-ae > .kt-inside-inner-col > .aligncenter{width:100%;}.kadence-column_bea3eb-ae > .kt-inside-inner-col:before{opacity:0.3;}.kadence-column_bea3eb-ae{position:relative;}@media all and (max-width: 1024px){.kadence-column_bea3eb-ae > .kt-inside-inner-col{flex-direction:column;justify-content:center;}}@media all and (max-width: 767px){.kadence-column_bea3eb-ae > .kt-inside-inner-col{flex-direction:column;justify-content:center;}}<\/style>\n<div class=\"wp-block-kadence-column inner-column-2 kadence-column_bea3eb-ae\"><div class=\"kt-inside-inner-col\">\n<iframe loading=\"lazy\" src=\"https:\/\/www.google.com\/maps\/embed?pb=!1m18!1m12!1m3!1d2428.2447581609595!2d13.459152715756128!3d52.51090947981256!2m3!1f0!2f0!3f0!3m2!1i1024!2i768!4f13.1!3m3!1m2!1s0x47a84ffbf9987b47%3A0xcb8d69c22f3aab56!2sThe%20Wall%20Comedy!5e0!3m2!1sde!2sde!4v1641927622920!5m2!1sde!2sde\" width=\"100%\" height=\"400\" frameborder=\"0\" style=\"border:0;\" allowfullscreen=\"\" aria-hidden=\"false\" tabindex=\"0\"><\/iframe>\n<\/div><\/div>\n<\/div><\/div><\/div>\n\n\n\n<p class=\"has-text-align-center\" style=\"font-size:20px\">&nbsp;<a rel=\"noreferrer noopener\" href=\"https:\/\/www.thewallcomedy.com\/\" target=\"_blank\">www.thewallcomedy.com<\/a><\/p>","protected":false},"excerpt":{"rendered":"<p>Mein Stand Up Comedy Deb\u00fct Samstag&nbsp; 12. M\u00e4rz&nbsp; 18:00 Uhr Location The Wall, Gr\u00fcnberger Stra\u00dfe 84 10245 Berlin &nbsp;www.thewallcomedy.com<\/p>","protected":false},"author":1,"featured_media":0,"parent":0,"menu_order":0,"comment_status":"closed","ping_status":"closed","template":"","meta":{"footnotes":""},"class_list":["post-436","page","type-page","status-publish","hentry"],"yoast_head":"<!-- This site is optimized with the Yoast SEO plugin v27.3 - https:\/\/yoast.com\/product\/yoast-seo-wordpress\/ -->\n<title>Aktuelles - Dominik Matuschek<\/title>\n<meta name=\"description\" content=\"Dominik Matuschek: Son of a Preacherman, Schauspieler, International Man of Mystery. In Oberbayern geboren, in Berlin zum Schauspiel gefunden.\" \/>\n<meta name=\"robots\" content=\"index, follow, max-snippet:-1, max-image-preview:large, max-video-preview:-1\" \/>\n<link rel=\"canonical\" href=\"https:\/\/dominikmatuschek.de\/en\/aktuelles\/\" \/>\n<meta property=\"og:locale\" content=\"en_US\" \/>\n<meta property=\"og:type\" content=\"article\" \/>\n<meta property=\"og:title\" content=\"Aktuelles - Dominik Matuschek\" \/>\n<meta property=\"og:description\" content=\"Dominik Matuschek: Son of a Preacherman, Schauspieler, International Man of Mystery. In Oberbayern geboren, in Berlin zum Schauspiel gefunden.\" \/>\n<meta property=\"og:url\" content=\"https:\/\/dominikmatuschek.de\/en\/aktuelles\/\" \/>\n<meta property=\"og:site_name\" content=\"Dominik Matuschek\" \/>\n<meta property=\"article:modified_time\" content=\"2022-04-08T16:52:24+00:00\" \/>\n<meta property=\"og:image\" content=\"https:\/\/dominikmatuschek.de\/wp-content\/uploads\/2022\/01\/Logo-Berlin-Stand-Up-School-1024x131.jpg\" \/>\n<meta name=\"twitter:card\" content=\"summary_large_image\" \/>\n<meta name=\"twitter:label1\" content=\"Est. reading time\" \/>\n\t<meta name=\"twitter:data1\" content=\"1 minute\" \/>\n<script type=\"application\/ld+json\" class=\"yoast-schema-graph\">{\"@context\":\"https:\\\/\\\/schema.org\",\"@graph\":[{\"@type\":\"WebPage\",\"@id\":\"https:\\\/\\\/dominikmatuschek.de\\\/aktuelles\\\/\",\"url\":\"https:\\\/\\\/dominikmatuschek.de\\\/aktuelles\\\/\",\"name\":\"Aktuelles - Dominik Matuschek\",\"isPartOf\":{\"@id\":\"https:\\\/\\\/dominikmatuschek.de\\\/#website\"},\"primaryImageOfPage\":{\"@id\":\"https:\\\/\\\/dominikmatuschek.de\\\/aktuelles\\\/#primaryimage\"},\"image\":{\"@id\":\"https:\\\/\\\/dominikmatuschek.de\\\/aktuelles\\\/#primaryimage\"},\"thumbnailUrl\":\"https:\\\/\\\/dominikmatuschek.de\\\/wp-content\\\/uploads\\\/2022\\\/01\\\/Logo-Berlin-Stand-Up-School-1024x131.jpg\",\"datePublished\":\"2022-01-08T18:56:53+00:00\",\"dateModified\":\"2022-04-08T16:52:24+00:00\",\"description\":\"Dominik Matuschek: Son of a Preacherman, Schauspieler, International Man of Mystery. In Oberbayern geboren, in Berlin zum Schauspiel gefunden.\",\"breadcrumb\":{\"@id\":\"https:\\\/\\\/dominikmatuschek.de\\\/aktuelles\\\/#breadcrumb\"},\"inLanguage\":\"en-US\",\"potentialAction\":[{\"@type\":\"ReadAction\",\"target\":[\"https:\\\/\\\/dominikmatuschek.de\\\/aktuelles\\\/\"]}]},{\"@type\":\"ImageObject\",\"inLanguage\":\"en-US\",\"@id\":\"https:\\\/\\\/dominikmatuschek.de\\\/aktuelles\\\/#primaryimage\",\"url\":\"https:\\\/\\\/dominikmatuschek.de\\\/wp-content\\\/uploads\\\/2022\\\/01\\\/Logo-Berlin-Stand-Up-School-1024x131.jpg\",\"contentUrl\":\"https:\\\/\\\/dominikmatuschek.de\\\/wp-content\\\/uploads\\\/2022\\\/01\\\/Logo-Berlin-Stand-Up-School-1024x131.jpg\"},{\"@type\":\"BreadcrumbList\",\"@id\":\"https:\\\/\\\/dominikmatuschek.de\\\/aktuelles\\\/#breadcrumb\",\"itemListElement\":[{\"@type\":\"ListItem\",\"position\":1,\"name\":\"Startseite\",\"item\":\"https:\\\/\\\/dominikmatuschek.de\\\/\"},{\"@type\":\"ListItem\",\"position\":2,\"name\":\"Aktuelles\"}]},{\"@type\":\"WebSite\",\"@id\":\"https:\\\/\\\/dominikmatuschek.de\\\/#website\",\"url\":\"https:\\\/\\\/dominikmatuschek.de\\\/\",\"name\":\"Dominik Matuschek\",\"description\":\"Schauspieler &amp; Sprecher\",\"potentialAction\":[{\"@type\":\"SearchAction\",\"target\":{\"@type\":\"EntryPoint\",\"urlTemplate\":\"https:\\\/\\\/dominikmatuschek.de\\\/?s={search_term_string}\"},\"query-input\":{\"@type\":\"PropertyValueSpecification\",\"valueRequired\":true,\"valueName\":\"search_term_string\"}}],\"inLanguage\":\"en-US\"}]}<\/script>\n<!-- \/ Yoast SEO plugin. -->","yoast_head_json":{"title":"Aktuelles - Dominik Matuschek","description":"Dominik Matuschek: Son of a Preacherman, Schauspieler, International Man of Mystery. In Oberbayern geboren, in Berlin zum Schauspiel gefunden.","robots":{"index":"index","follow":"follow","max-snippet":"max-snippet:-1","max-image-preview":"max-image-preview:large","max-video-preview":"max-video-preview:-1"},"canonical":"https:\/\/dominikmatuschek.de\/en\/aktuelles\/","og_locale":"en_US","og_type":"article","og_title":"Aktuelles - Dominik Matuschek","og_description":"Dominik Matuschek: Son of a Preacherman, Schauspieler, International Man of Mystery. In Oberbayern geboren, in Berlin zum Schauspiel gefunden.","og_url":"https:\/\/dominikmatuschek.de\/en\/aktuelles\/","og_site_name":"Dominik Matuschek","article_modified_time":"2022-04-08T16:52:24+00:00","og_image":[{"url":"https:\/\/dominikmatuschek.de\/wp-content\/uploads\/2022\/01\/Logo-Berlin-Stand-Up-School-1024x131.jpg","type":"","width":"","height":""}],"twitter_card":"summary_large_image","twitter_misc":{"Est. reading time":"1 minute"},"schema":{"@context":"https:\/\/schema.org","@graph":[{"@type":"WebPage","@id":"https:\/\/dominikmatuschek.de\/aktuelles\/","url":"https:\/\/dominikmatuschek.de\/aktuelles\/","name":"Aktuelles - Dominik Matuschek","isPartOf":{"@id":"https:\/\/dominikmatuschek.de\/#website"},"primaryImageOfPage":{"@id":"https:\/\/dominikmatuschek.de\/aktuelles\/#primaryimage"},"image":{"@id":"https:\/\/dominikmatuschek.de\/aktuelles\/#primaryimage"},"thumbnailUrl":"https:\/\/dominikmatuschek.de\/wp-content\/uploads\/2022\/01\/Logo-Berlin-Stand-Up-School-1024x131.jpg","datePublished":"2022-01-08T18:56:53+00:00","dateModified":"2022-04-08T16:52:24+00:00","description":"Dominik Matuschek: Son of a Preacherman, Schauspieler, International Man of Mystery. In Oberbayern geboren, in Berlin zum Schauspiel gefunden.","breadcrumb":{"@id":"https:\/\/dominikmatuschek.de\/aktuelles\/#breadcrumb"},"inLanguage":"en-US","potentialAction":[{"@type":"ReadAction","target":["https:\/\/dominikmatuschek.de\/aktuelles\/"]}]},{"@type":"ImageObject","inLanguage":"en-US","@id":"https:\/\/dominikmatuschek.de\/aktuelles\/#primaryimage","url":"https:\/\/dominikmatuschek.de\/wp-content\/uploads\/2022\/01\/Logo-Berlin-Stand-Up-School-1024x131.jpg","contentUrl":"https:\/\/dominikmatuschek.de\/wp-content\/uploads\/2022\/01\/Logo-Berlin-Stand-Up-School-1024x131.jpg"},{"@type":"BreadcrumbList","@id":"https:\/\/dominikmatuschek.de\/aktuelles\/#breadcrumb","itemListElement":[{"@type":"ListItem","position":1,"name":"Startseite","item":"https:\/\/dominikmatuschek.de\/"},{"@type":"ListItem","position":2,"name":"Aktuelles"}]},{"@type":"WebSite","@id":"https:\/\/dominikmatuschek.de\/#website","url":"https:\/\/dominikmatuschek.de\/","name":"Dominik Matuschek","description":"Actor &amp; Voice Artist","potentialAction":[{"@type":"SearchAction","target":{"@type":"EntryPoint","urlTemplate":"https:\/\/dominikmatuschek.de\/?s={search_term_string}"},"query-input":{"@type":"PropertyValueSpecification","valueRequired":true,"valueName":"search_term_string"}}],"inLanguage":"en-US"}]}},"_links":{"self":[{"href":"https:\/\/dominikmatuschek.de\/en\/wp-json\/wp\/v2\/pages\/436","targetHints":{"allow":["GET"]}}],"collection":[{"href":"https:\/\/dominikmatuschek.de\/en\/wp-json\/wp\/v2\/pages"}],"about":[{"href":"https:\/\/dominikmatuschek.de\/en\/wp-json\/wp\/v2\/types\/page"}],"author":[{"embeddable":true,"href":"https:\/\/dominikmatuschek.de\/en\/wp-json\/wp\/v2\/users\/1"}],"replies":[{"embeddable":true,"href":"https:\/\/dominikmatuschek.de\/en\/wp-json\/wp\/v2\/comments?post=436"}],"version-history":[{"count":8,"href":"https:\/\/dominikmatuschek.de\/en\/wp-json\/wp\/v2\/pages\/436\/revisions"}],"predecessor-version":[{"id":976,"href":"https:\/\/dominikmatuschek.de\/en\/wp-json\/wp\/v2\/pages\/436\/revisions\/976"}],"wp:attachment":[{"href":"https:\/\/dominikmatuschek.de\/en\/wp-json\/wp\/v2\/media?parent=436"}],"curies":[{"name":"wp","href":"https:\/\/api.w.org\/{rel}","templated":true}]}}